{"id":6970,"date":"2024-12-24T22:19:30","date_gmt":"2024-12-24T22:19:30","guid":{"rendered":"https:\/\/taxiskyler.nl\/?page_id=6970"},"modified":"2024-12-31T19:00:41","modified_gmt":"2024-12-31T19:00:41","slug":"veelgestelde-vragen","status":"publish","type":"page","link":"https:\/\/taxiskyler.nl\/de\/veelgestelde-vragen\/","title":{"rendered":"H\u00e4ufig gestellte Fragen"},"content":{"rendered":"<div data-elementor-type=\"wp-page\" data-elementor-id=\"6970\" class=\"elementor elementor-6970\">\n\t\t\t\t<div data-section-luminosity=\"dark\" class=\"elementor-element elementor-element-d6219d1 e-flex e-con-boxed e-con e-parent\" data-id=\"d6219d1\" data-element_type=\"container\" data-settings=\"{&quot;background_background&quot;:&quot;classic&quot;}\">\n\t\t\t\t\t<div class=\"e-con-inner\">\n\t\t<div class=\"elementor-element elementor-element-8ae9e92 e-con-full e-flex e-con e-child\" data-id=\"8ae9e92\" data-element_type=\"container\">\n\t\t<div class=\"elementor-element elementor-element-bc0137c e-con-full e-flex e-con e-child\" data-id=\"bc0137c\" data-element_type=\"container\">\n\t\t<div class=\"elementor-element elementor-element-d1c7e3c e-con-full e-flex e-con e-child\" data-id=\"d1c7e3c\" data-element_type=\"container\">\n\t\t\t\t<div class=\"elementor-element elementor-element-c731635 elementor-widget elementor-widget-hub_fancy_heading\" data-id=\"c731635\" data-element_type=\"widget\" data-widget_type=\"hub_fancy_heading.default\">\n\t\t\t\t<div class=\"elementor-widget-container\">\n\t\t\t\t\t\n\t\t<div id=\"ld-fancy-heading-69de4a0482093\" class=\"ld-fancy-heading pos-rel\">\n\t\t\t<h1 class=\"ld-fh-element d-inline-block pos-rel  elementor-heading-title lqd-highlight-classic lqd-highlight-grow-left h1\"  data-inview=\"true\" data-transition-delay=\"true\" data-delay-options=\"{&quot;elements&quot;:&quot;.lqd-highlight-inner&quot;,&quot;delayType&quot;:&quot;transition&quot;}\" > <span class=\"lqd-adv-txt-item elementor-repeater-item-b53b7a3\">H\u00e4ufig gestellte Fragen<\/span><\/h1>\t\t<\/div>\n\n\t\t\t\t\t\t<\/div>\n\t\t\t\t<\/div>\n\t\t\t\t<\/div>\n\t\t\t\t<\/div>\n\t\t\t\t<\/div>\n\t\t\t\t\t<\/div>\n\t\t\t\t<\/div>\n\t\t<div class=\"elementor-element elementor-element-1428740 e-flex e-con-boxed e-con e-parent\" data-id=\"1428740\" data-element_type=\"container\">\n\t\t\t\t\t<div class=\"e-con-inner\">\n\t\t<div class=\"elementor-element elementor-element-668321c e-con-full e-flex e-con e-child\" data-id=\"668321c\" data-element_type=\"container\">\n\t\t<div data-custom-animations=\"true\" data-ca-options=\"{&quot;addChildTimelines&quot;:false,&quot;trigger&quot;:&quot;firstChild&quot;,&quot;animationTarget&quot;:&quot;:scope  &gt; .elementor-element:not(.lqd-exclude-parent-ca) &gt; .elementor-widget-container, :scope  &gt; .elementor-widget-hub_fancy_heading .lqd-split-lines .lqd-lines .split-inner, :scope  &gt; .elementor-widget-hub_fancy_heading .lqd-split-words .lqd-words .split-inner, :scope  &gt; .elementor-widget-hub_fancy_heading .lqd-split-chars .lqd-chars .split-inner, :scope  &gt; .elementor-widget-hub_fancy_heading .lqd-adv-txt-fig, :scope  &gt; .elementor-widget-ld_custom_menu .lqd-fancy-menu &gt; ul &gt; li, :scope .e-con:not([data-parallax]) .elementor-element &gt; .elementor-widget-container, :scope .e-con:not([data-parallax]) .elementor-widget-hub_fancy_heading .lqd-split-lines .lqd-lines .split-inner, :scope .e-con:not([data-parallax]) .elementor-widget-hub_fancy_heading .lqd-split-words .lqd-words .split-inner, :scope .e-con:not([data-parallax]) .elementor-widget-hub_fancy_heading .lqd-split-chars .lqd-chars .split-inner, :scope .e-con:not([data-parallax]) .elementor-widget-ld_custom_menu .lqd-fancy-menu &gt; ul &gt; li&quot;,&quot;duration&quot;:1000,&quot;startDelay&quot;:100,&quot;delay&quot;:100,&quot;ease&quot;:&quot;expo.out&quot;,&quot;initValues&quot;:{&quot;y&quot;:&quot;30px&quot;,&quot;opacity&quot;:0,&quot;transformOrigin&quot;:&quot;50% 50% 0px&quot;},&quot;animations&quot;:{&quot;y&quot;:&quot;0px&quot;,&quot;opacity&quot;:1,&quot;transformOrigin&quot;:&quot;50% 50% 0px&quot;}}\" class=\"elementor-element elementor-element-c7da9bb e-con-full e-flex e-con e-child\" data-id=\"c7da9bb\" data-element_type=\"container\">\n\t\t\t\t<div class=\"elementor-element elementor-element-1386b6b elementor-widget__width-initial elementor-widget-mobile__width-inherit elementor-widget elementor-widget-hub_fancy_heading\" data-id=\"1386b6b\" data-element_type=\"widget\" data-widget_type=\"hub_fancy_heading.default\">\n\t\t\t\t<div class=\"elementor-widget-container\">\n\t\t\t\t\t\n\t\t<div id=\"ld-fancy-heading-69de4a04824bc\" class=\"ld-fancy-heading pos-rel\">\n\t\t\t<p class=\"ld-fh-element d-inline-block pos-rel  lqd-highlight-classic lqd-highlight-grow-left p\"  > Nachfolgend finden Sie die am h\u00e4ufigsten gestellten Fragen unserer Kunden. Ist Ihre Frage nicht aufgef\u00fchrt? Kontaktieren Sie uns gerne per Telefon, Kontaktformular oder WhatsApp. Wir helfen Ihnen!<\/p>\t\t<\/div>\n\n\t\t\t\t\t\t<\/div>\n\t\t\t\t<\/div>\n\t\t\t\t<\/div>\n\t\t\t\t<div data-custom-animations=\"true\" data-ca-options=\"{&quot;addChildTimelines&quot;:false,&quot;trigger&quot;:&quot;firstChild&quot;,&quot;animationTarget&quot;:&quot;:scope &gt; .elementor-widget-container&quot;,&quot;duration&quot;:600,&quot;startDelay&quot;:100,&quot;delay&quot;:100,&quot;ease&quot;:&quot;expo.out&quot;,&quot;initValues&quot;:{&quot;y&quot;:&quot;30px&quot;,&quot;opacity&quot;:0,&quot;transformOrigin&quot;:&quot;50% 50% 0px&quot;},&quot;animations&quot;:{&quot;y&quot;:&quot;0px&quot;,&quot;opacity&quot;:1,&quot;transformOrigin&quot;:&quot;50% 50% 0px&quot;}}\" class=\"elementor-element elementor-element-311ff2f elementor-widget__width-initial elementor-widget-tablet__width-inherit elementor-widget elementor-widget-ld_accordion\" data-id=\"311ff2f\" data-element_type=\"widget\" data-widget_type=\"ld_accordion.default\">\n\t\t\t\t<div class=\"elementor-widget-container\">\n\t\t\t\t\t\n\t\t<div class=\"accordion accordion-title-underlined accordion-lg\" id=\"accordion-69de4a0484765\">\n\t\t\t\t\t\t\t\t\t\t\t\t<div class=\"accordion-item panel\">\n\n\t\t\t\t<div class=\"accordion-heading\" id=\"heading-5151\">\n\t\t\t\t<p class=\"accordion-title  tabindex=\"-1\">\t\t\t\t\t<a class=\"collapsed\" data-toggle=\"collapse\" data-bs-toggle=\"collapse\"\n                    tabindex=\"0\"\n\t\t\t\t\tdata-parent=\"#accordion-69de4a0484765\" data-bs-parent=\"#accordion-69de4a0484765\" href=\"#collapse-5151\" data-target=\"#collapse-5151\" data-bs-target=\"#collapse-5151\"\n\t\t\t\t\taria-expanded=\"false\" aria-controls=\"collapse-5151\">\n\t\t\t\t\t\t\t\t\t\t\t\t<span class=\"accordion-title-txt\">Wie kann ich ein Taxi reservieren?<\/span>\n\t\t\t\t\t\t\t\t\t\t\t\t\t<span class=\"accordion-expander\"><i class=\"lqd-icn-ess icon-ion-ios-add\"><\/i><i class=\"lqd-icn-ess icon-ion-ios-remove\"><\/i><\/span>\t\t\t\t\t\t\t\t\t\t\t<\/a>\n\t\t\t\t<\/p>\t\t\t\t<\/div>\n\n\t\t\t\t<div id=\"collapse-5151\" class=\"accordion-collapse collapse\" data-bs-parent=\"#accordion-69de4a0484765\" aria-labelledby=\"heading-5151\">\n\n\t\t\t\t<div class=\"accordion-content\">\n\t\t\t\t\t<p>Sie k\u00f6nnen eine Fahrt ganz einfach \u00fcber unsere Website, telefonisch oder per WhatsApp buchen. Wir sind rund um die Uhr erreichbar.<\/p>\t\t\t\t<\/div>\n\n\t\t\t\t<\/div>\n\n\t\t\t<\/div>\n\t\t\t\t\t\t\t\t\t<div class=\"accordion-item panel\">\n\n\t\t\t\t<div class=\"accordion-heading\" id=\"heading-5152\">\n\t\t\t\t<p class=\"accordion-title  tabindex=\"-1\">\t\t\t\t\t<a class=\"collapsed\" data-toggle=\"collapse\" data-bs-toggle=\"collapse\"\n                    tabindex=\"0\"\n\t\t\t\t\tdata-parent=\"#accordion-69de4a0484765\" data-bs-parent=\"#accordion-69de4a0484765\" href=\"#collapse-5152\" data-target=\"#collapse-5152\" data-bs-target=\"#collapse-5152\"\n\t\t\t\t\taria-expanded=\"false\" aria-controls=\"collapse-5152\">\n\t\t\t\t\t\t\t\t\t\t\t\t<span class=\"accordion-title-txt\">Sind Sie auch f\u00fcr den Flughafentransport verf\u00fcgbar?<\/span>\n\t\t\t\t\t\t\t\t\t\t\t\t\t<span class=\"accordion-expander\"><i class=\"lqd-icn-ess icon-ion-ios-add\"><\/i><i class=\"lqd-icn-ess icon-ion-ios-remove\"><\/i><\/span>\t\t\t\t\t\t\t\t\t\t\t<\/a>\n\t\t\t\t<\/p>\t\t\t\t<\/div>\n\n\t\t\t\t<div id=\"collapse-5152\" class=\"accordion-collapse collapse\" data-bs-parent=\"#accordion-69de4a0484765\" aria-labelledby=\"heading-5152\">\n\n\t\t\t\t<div class=\"accordion-content\">\n\t\t\t\t\t<p>Ja, wir bieten zuverl\u00e4ssigen Transport zu allen gro\u00dfen Flugh\u00e4fen wie Schiphol, Eindhoven und D\u00fcsseldorf.<\/p>\t\t\t\t<\/div>\n\n\t\t\t\t<\/div>\n\n\t\t\t<\/div>\n\t\t\t\t\t\t\t\t\t<div class=\"accordion-item panel\">\n\n\t\t\t\t<div class=\"accordion-heading\" id=\"heading-5153\">\n\t\t\t\t<p class=\"accordion-title  tabindex=\"-1\">\t\t\t\t\t<a class=\"collapsed\" data-toggle=\"collapse\" data-bs-toggle=\"collapse\"\n                    tabindex=\"0\"\n\t\t\t\t\tdata-parent=\"#accordion-69de4a0484765\" data-bs-parent=\"#accordion-69de4a0484765\" href=\"#collapse-5153\" data-target=\"#collapse-5153\" data-bs-target=\"#collapse-5153\"\n\t\t\t\t\taria-expanded=\"false\" aria-controls=\"collapse-5153\">\n\t\t\t\t\t\t\t\t\t\t\t\t<span class=\"accordion-title-txt\">Sind Ihre Taxis f\u00fcr den Rollstuhltransport geeignet?<\/span>\n\t\t\t\t\t\t\t\t\t\t\t\t\t<span class=\"accordion-expander\"><i class=\"lqd-icn-ess icon-ion-ios-add\"><\/i><i class=\"lqd-icn-ess icon-ion-ios-remove\"><\/i><\/span>\t\t\t\t\t\t\t\t\t\t\t<\/a>\n\t\t\t\t<\/p>\t\t\t\t<\/div>\n\n\t\t\t\t<div id=\"collapse-5153\" class=\"accordion-collapse collapse\" data-bs-parent=\"#accordion-69de4a0484765\" aria-labelledby=\"heading-5153\">\n\n\t\t\t\t<div class=\"accordion-content\">\n\t\t\t\t\t<p>Sicherlich! Unser Mercedes-Benz Sprinter ist mit einer Rampe ausgestattet und vollst\u00e4ndig f\u00fcr Rollstuhlfahrer geeignet.<\/p>\t\t\t\t<\/div>\n\n\t\t\t\t<\/div>\n\n\t\t\t<\/div>\n\t\t\t\t\t\t\t\t\t<div class=\"accordion-item panel\">\n\n\t\t\t\t<div class=\"accordion-heading\" id=\"heading-5154\">\n\t\t\t\t<p class=\"accordion-title  tabindex=\"-1\">\t\t\t\t\t<a class=\"collapsed\" data-toggle=\"collapse\" data-bs-toggle=\"collapse\"\n                    tabindex=\"0\"\n\t\t\t\t\tdata-parent=\"#accordion-69de4a0484765\" data-bs-parent=\"#accordion-69de4a0484765\" href=\"#collapse-5154\" data-target=\"#collapse-5154\" data-bs-target=\"#collapse-5154\"\n\t\t\t\t\taria-expanded=\"false\" aria-controls=\"collapse-5154\">\n\t\t\t\t\t\t\t\t\t\t\t\t<span class=\"accordion-title-txt\">Bieten Sie auch Nachtfahrten an?<\/span>\n\t\t\t\t\t\t\t\t\t\t\t\t\t<span class=\"accordion-expander\"><i class=\"lqd-icn-ess icon-ion-ios-add\"><\/i><i class=\"lqd-icn-ess icon-ion-ios-remove\"><\/i><\/span>\t\t\t\t\t\t\t\t\t\t\t<\/a>\n\t\t\t\t<\/p>\t\t\t\t<\/div>\n\n\t\t\t\t<div id=\"collapse-5154\" class=\"accordion-collapse collapse\" data-bs-parent=\"#accordion-69de4a0484765\" aria-labelledby=\"heading-5154\">\n\n\t\t\t\t<div class=\"accordion-content\">\n\t\t\t\t\t<p>Ja, Taxi Skyler ist rund um die Uhr verf\u00fcgbar, auch nachts. Egal, ob Sie eine Fahrt zum Flughafen oder von einer Veranstaltung nach Hause ben\u00f6tigen, wir sind immer f\u00fcr Sie da.<\/p>\t\t\t\t<\/div>\n\n\t\t\t\t<\/div>\n\n\t\t\t<\/div>\n\t\t\t\t\t\t\t\t\t<div class=\"accordion-item panel\">\n\n\t\t\t\t<div class=\"accordion-heading\" id=\"heading-5155\">\n\t\t\t\t<p class=\"accordion-title  tabindex=\"-1\">\t\t\t\t\t<a class=\"collapsed\" data-toggle=\"collapse\" data-bs-toggle=\"collapse\"\n                    tabindex=\"0\"\n\t\t\t\t\tdata-parent=\"#accordion-69de4a0484765\" data-bs-parent=\"#accordion-69de4a0484765\" href=\"#collapse-5155\" data-target=\"#collapse-5155\" data-bs-target=\"#collapse-5155\"\n\t\t\t\t\taria-expanded=\"false\" aria-controls=\"collapse-5155\">\n\t\t\t\t\t\t\t\t\t\t\t\t<span class=\"accordion-title-txt\">Wie weit im Voraus sollte ich eine Fahrt buchen?<\/span>\n\t\t\t\t\t\t\t\t\t\t\t\t\t<span class=\"accordion-expander\"><i class=\"lqd-icn-ess icon-ion-ios-add\"><\/i><i class=\"lqd-icn-ess icon-ion-ios-remove\"><\/i><\/span>\t\t\t\t\t\t\t\t\t\t\t<\/a>\n\t\t\t\t<\/p>\t\t\t\t<\/div>\n\n\t\t\t\t<div id=\"collapse-5155\" class=\"accordion-collapse collapse\" data-bs-parent=\"#accordion-69de4a0484765\" aria-labelledby=\"heading-5155\">\n\n\t\t\t\t<div class=\"accordion-content\">\n\t\t\t\t\t<p>F\u00fcr regelm\u00e4\u00dfige Fahrten k\u00f6nnen Sie uns bis zu einigen Stunden im Voraus anrufen. F\u00fcr den Flughafentransport empfehlen wir eine Buchung mindestens 24 Stunden im Voraus.<\/p>\t\t\t\t<\/div>\n\n\t\t\t\t<\/div>\n\n\t\t\t<\/div>\n\t\t\t\t\t\t\t\t\t<div class=\"accordion-item panel\">\n\n\t\t\t\t<div class=\"accordion-heading\" id=\"heading-5156\">\n\t\t\t\t<p class=\"accordion-title  tabindex=\"-1\">\t\t\t\t\t<a class=\"collapsed\" data-toggle=\"collapse\" data-bs-toggle=\"collapse\"\n                    tabindex=\"0\"\n\t\t\t\t\tdata-parent=\"#accordion-69de4a0484765\" data-bs-parent=\"#accordion-69de4a0484765\" href=\"#collapse-5156\" data-target=\"#collapse-5156\" data-bs-target=\"#collapse-5156\"\n\t\t\t\t\taria-expanded=\"false\" aria-controls=\"collapse-5156\">\n\t\t\t\t\t\t\t\t\t\t\t\t<span class=\"accordion-title-txt\">Wie kann ich meine Fahrt bezahlen?<\/span>\n\t\t\t\t\t\t\t\t\t\t\t\t\t<span class=\"accordion-expander\"><i class=\"lqd-icn-ess icon-ion-ios-add\"><\/i><i class=\"lqd-icn-ess icon-ion-ios-remove\"><\/i><\/span>\t\t\t\t\t\t\t\t\t\t\t<\/a>\n\t\t\t\t<\/p>\t\t\t\t<\/div>\n\n\t\t\t\t<div id=\"collapse-5156\" class=\"accordion-collapse collapse\" data-bs-parent=\"#accordion-69de4a0484765\" aria-labelledby=\"heading-5156\">\n\n\t\t\t\t<div class=\"accordion-content\">\n\t\t\t\t\tSie k\u00f6nnen bar, mit EC-Karte oder Kreditkarte bezahlen. F\u00fcr Gesch\u00e4ftskunden bieten wir auch die M\u00f6glichkeit des Fahrens auf Rechnung an.\t\t\t\t<\/div>\n\n\t\t\t\t<\/div>\n\n\t\t\t<\/div>\n\t\t\t\t\t\t\t\t\t<div class=\"accordion-item panel\">\n\n\t\t\t\t<div class=\"accordion-heading\" id=\"heading-5157\">\n\t\t\t\t<p class=\"accordion-title  tabindex=\"-1\">\t\t\t\t\t<a class=\"collapsed\" data-toggle=\"collapse\" data-bs-toggle=\"collapse\"\n                    tabindex=\"0\"\n\t\t\t\t\tdata-parent=\"#accordion-69de4a0484765\" data-bs-parent=\"#accordion-69de4a0484765\" href=\"#collapse-5157\" data-target=\"#collapse-5157\" data-bs-target=\"#collapse-5157\"\n\t\t\t\t\taria-expanded=\"false\" aria-controls=\"collapse-5157\">\n\t\t\t\t\t\t\t\t\t\t\t\t<span class=\"accordion-title-txt\">Sind Ihre Dienste nur in Arnheim verf\u00fcgbar?<\/span>\n\t\t\t\t\t\t\t\t\t\t\t\t\t<span class=\"accordion-expander\"><i class=\"lqd-icn-ess icon-ion-ios-add\"><\/i><i class=\"lqd-icn-ess icon-ion-ios-remove\"><\/i><\/span>\t\t\t\t\t\t\t\t\t\t\t<\/a>\n\t\t\t\t<\/p>\t\t\t\t<\/div>\n\n\t\t\t\t<div id=\"collapse-5157\" class=\"accordion-collapse collapse\" data-bs-parent=\"#accordion-69de4a0484765\" aria-labelledby=\"heading-5157\">\n\n\t\t\t\t<div class=\"accordion-content\">\n\t\t\t\t\tNein, wir bieten unsere Dienstleistungen in Arnheim und Umgebung an. F\u00fcr l\u00e4ngere Fahrten und Sonderw\u00fcnsche kontaktieren Sie uns bitte.\t\t\t\t<\/div>\n\n\t\t\t\t<\/div>\n\n\t\t\t<\/div>\n\t\t\t\t\t\t\t\t\t<div class=\"accordion-item panel\">\n\n\t\t\t\t<div class=\"accordion-heading\" id=\"heading-5158\">\n\t\t\t\t<p class=\"accordion-title  tabindex=\"-1\">\t\t\t\t\t<a class=\"collapsed\" data-toggle=\"collapse\" data-bs-toggle=\"collapse\"\n                    tabindex=\"0\"\n\t\t\t\t\tdata-parent=\"#accordion-69de4a0484765\" data-bs-parent=\"#accordion-69de4a0484765\" href=\"#collapse-5158\" data-target=\"#collapse-5158\" data-bs-target=\"#collapse-5158\"\n\t\t\t\t\taria-expanded=\"false\" aria-controls=\"collapse-5158\">\n\t\t\t\t\t\t\t\t\t\t\t\t<span class=\"accordion-title-txt\">Wie kann ich Feedback zu meiner Fahrt geben?<\/span>\n\t\t\t\t\t\t\t\t\t\t\t\t\t<span class=\"accordion-expander\"><i class=\"lqd-icn-ess icon-ion-ios-add\"><\/i><i class=\"lqd-icn-ess icon-ion-ios-remove\"><\/i><\/span>\t\t\t\t\t\t\t\t\t\t\t<\/a>\n\t\t\t\t<\/p>\t\t\t\t<\/div>\n\n\t\t\t\t<div id=\"collapse-5158\" class=\"accordion-collapse collapse\" data-bs-parent=\"#accordion-69de4a0484765\" aria-labelledby=\"heading-5158\">\n\n\t\t\t\t<div class=\"accordion-content\">\n\t\t\t\t\tWir freuen uns \u00fcber Ihre Erfahrungen! Sie k\u00f6nnen uns eine E-Mail senden, uns anrufen oder eine Bewertung auf unserer Website oder in den sozialen Medien hinterlassen.\t\t\t\t<\/div>\n\n\t\t\t\t<\/div>\n\n\t\t\t<\/div>\n\t\t\t\t\t\t\t\t\t<div class=\"accordion-item panel\">\n\n\t\t\t\t<div class=\"accordion-heading\" id=\"heading-5159\">\n\t\t\t\t<p class=\"accordion-title  tabindex=\"-1\">\t\t\t\t\t<a class=\"collapsed\" data-toggle=\"collapse\" data-bs-toggle=\"collapse\"\n                    tabindex=\"0\"\n\t\t\t\t\tdata-parent=\"#accordion-69de4a0484765\" data-bs-parent=\"#accordion-69de4a0484765\" href=\"#collapse-5159\" data-target=\"#collapse-5159\" data-bs-target=\"#collapse-5159\"\n\t\t\t\t\taria-expanded=\"false\" aria-controls=\"collapse-5159\">\n\t\t\t\t\t\t\t\t\t\t\t\t<span class=\"accordion-title-txt\">Fahren Sie auch lange Strecken?<\/span>\n\t\t\t\t\t\t\t\t\t\t\t\t\t<span class=\"accordion-expander\"><i class=\"lqd-icn-ess icon-ion-ios-add\"><\/i><i class=\"lqd-icn-ess icon-ion-ios-remove\"><\/i><\/span>\t\t\t\t\t\t\t\t\t\t\t<\/a>\n\t\t\t\t<\/p>\t\t\t\t<\/div>\n\n\t\t\t\t<div id=\"collapse-5159\" class=\"accordion-collapse collapse\" data-bs-parent=\"#accordion-69de4a0484765\" aria-labelledby=\"heading-5159\">\n\n\t\t\t\t<div class=\"accordion-content\">\n\t\t\t\t\tJa, wir bieten nationale und internationale Ferntransfers an. Bitte kontaktieren Sie uns f\u00fcr ein Angebot.\n\n\t\t\t\t<\/div>\n\n\t\t\t\t<\/div>\n\n\t\t\t<\/div>\n\t\t\t\t\t\t\n\t\t<\/div>\n\n\t\t\t\t\t\t<\/div>\n\t\t\t\t<\/div>\n\t\t\t\t<\/div>\n\t\t\t\t\t<\/div>\n\t\t\t\t<\/div>\n\t\t\t\t<\/div>","protected":false},"excerpt":{"rendered":"<p>H\u00e4ufig gestellte Fragen Nachfolgend finden Sie die am h\u00e4ufigsten gestellten Fragen unserer Kunden. Ist Ihre Frage nicht dabei? Kontaktieren Sie uns gerne telefonisch, \u00fcber das Kontaktformular oder per WhatsApp. Wir helfen Ihnen gerne weiter! Bieten Sie auch einen Flughafentransfer an? Ja, wir bieten zuverl\u00e4ssigen Transport zu allen gro\u00dfen Flugh\u00e4fen wie Schiphol, Eindhoven und D\u00fcsseldorf. [\u2026]<\/p>","protected":false},"author":1,"featured_media":0,"parent":0,"menu_order":0,"comment_status":"closed","ping_status":"closed","template":"","meta":{"footnotes":""},"class_list":["post-6970","page","type-page","status-publish","hentry"],"yoast_head":"<!-- This site is optimized with the Yoast SEO plugin v26.6 - https:\/\/yoast.com\/wordpress\/plugins\/seo\/ -->\n<title>Veelgestelde vragen - Taxi Skyler - Taxi Arnhem en omgeving<\/title>\n<meta name=\"description\" content=\"Vind antwoorden op veelgestelde vragen over taxi Arnhem. Lees meer over tarieven, reserveringen, rolstoelvervoer en andere diensten van Taxi Skyler. We helpen je snel en effici\u00ebnt met je vervoerbehoeften!\" \/>\n<meta name=\"robots\" content=\"index, follow, max-snippet:-1, max-image-preview:large, max-video-preview:-1\" \/>\n<link rel=\"canonical\" href=\"https:\/\/taxiskyler.nl\/de\/veelgestelde-vragen\/\" \/>\n<meta property=\"og:locale\" content=\"de_DE\" \/>\n<meta property=\"og:type\" content=\"article\" \/>\n<meta property=\"og:title\" content=\"Veelgestelde vragen - Taxi Skyler - Taxi Arnhem en omgeving\" \/>\n<meta property=\"og:description\" content=\"Vind antwoorden op veelgestelde vragen over taxi Arnhem. Lees meer over tarieven, reserveringen, rolstoelvervoer en andere diensten van Taxi Skyler. We helpen je snel en effici\u00ebnt met je vervoerbehoeften!\" \/>\n<meta property=\"og:url\" content=\"https:\/\/taxiskyler.nl\/de\/veelgestelde-vragen\/\" \/>\n<meta property=\"og:site_name\" content=\"Taxi Skyler - Taxi Arnhem en omgeving\" \/>\n<meta property=\"article:modified_time\" content=\"2024-12-31T19:00:41+00:00\" \/>\n<meta name=\"twitter:card\" content=\"summary_large_image\" \/>\n<meta name=\"twitter:label1\" content=\"Gesch\u00e4tzte Lesezeit\" \/>\n\t<meta name=\"twitter:data1\" content=\"2\u00a0Minuten\" \/>\n<script type=\"application\/ld+json\" class=\"yoast-schema-graph\">{\"@context\":\"https:\/\/schema.org\",\"@graph\":[{\"@type\":\"WebPage\",\"@id\":\"https:\/\/taxiskyler.nl\/veelgestelde-vragen\/\",\"url\":\"https:\/\/taxiskyler.nl\/veelgestelde-vragen\/\",\"name\":\"Veelgestelde vragen - Taxi Skyler - Taxi Arnhem en omgeving\",\"isPartOf\":{\"@id\":\"https:\/\/taxiskyler.nl\/#website\"},\"datePublished\":\"2024-12-24T22:19:30+00:00\",\"dateModified\":\"2024-12-31T19:00:41+00:00\",\"description\":\"Vind antwoorden op veelgestelde vragen over taxi Arnhem. Lees meer over tarieven, reserveringen, rolstoelvervoer en andere diensten van Taxi Skyler. We helpen je snel en effici\u00ebnt met je vervoerbehoeften!\",\"breadcrumb\":{\"@id\":\"https:\/\/taxiskyler.nl\/veelgestelde-vragen\/#breadcrumb\"},\"inLanguage\":\"de\",\"potentialAction\":[{\"@type\":\"ReadAction\",\"target\":[\"https:\/\/taxiskyler.nl\/veelgestelde-vragen\/\"]}]},{\"@type\":\"BreadcrumbList\",\"@id\":\"https:\/\/taxiskyler.nl\/veelgestelde-vragen\/#breadcrumb\",\"itemListElement\":[{\"@type\":\"ListItem\",\"position\":1,\"name\":\"Home\",\"item\":\"https:\/\/taxiskyler.nl\/\"},{\"@type\":\"ListItem\",\"position\":2,\"name\":\"Veelgestelde vragen\"}]},{\"@type\":\"WebSite\",\"@id\":\"https:\/\/taxiskyler.nl\/#website\",\"url\":\"https:\/\/taxiskyler.nl\/\",\"name\":\"Taxi Skyler\",\"description\":\"Taxi Arnhem en omgeving.\",\"publisher\":{\"@id\":\"https:\/\/taxiskyler.nl\/#organization\"},\"potentialAction\":[{\"@type\":\"SearchAction\",\"target\":{\"@type\":\"EntryPoint\",\"urlTemplate\":\"https:\/\/taxiskyler.nl\/?s={search_term_string}\"},\"query-input\":{\"@type\":\"PropertyValueSpecification\",\"valueRequired\":true,\"valueName\":\"search_term_string\"}}],\"inLanguage\":\"de\"},{\"@type\":\"Organization\",\"@id\":\"https:\/\/taxiskyler.nl\/#organization\",\"name\":\"Taxi Skyler\",\"url\":\"https:\/\/taxiskyler.nl\/\",\"logo\":{\"@type\":\"ImageObject\",\"inLanguage\":\"de\",\"@id\":\"https:\/\/taxiskyler.nl\/#\/schema\/logo\/image\/\",\"url\":\"https:\/\/taxiskyler.nl\/files\/2024\/09\/black-white-simple-barber-logo-1758-x-534-px-5.png\",\"contentUrl\":\"https:\/\/taxiskyler.nl\/files\/2024\/09\/black-white-simple-barber-logo-1758-x-534-px-5.png\",\"width\":1758,\"height\":534,\"caption\":\"Taxi Skyler\"},\"image\":{\"@id\":\"https:\/\/taxiskyler.nl\/#\/schema\/logo\/image\/\"}}]}<\/script>\n<!-- \/ Yoast SEO plugin. -->","yoast_head_json":{"title":"Veelgestelde vragen - Taxi Skyler - Taxi Arnhem en omgeving","description":"Vind antwoorden op veelgestelde vragen over taxi Arnhem. Lees meer over tarieven, reserveringen, rolstoelvervoer en andere diensten van Taxi Skyler. We helpen je snel en effici\u00ebnt met je vervoerbehoeften!","robots":{"index":"index","follow":"follow","max-snippet":"max-snippet:-1","max-image-preview":"max-image-preview:large","max-video-preview":"max-video-preview:-1"},"canonical":"https:\/\/taxiskyler.nl\/de\/veelgestelde-vragen\/","og_locale":"de_DE","og_type":"article","og_title":"Veelgestelde vragen - Taxi Skyler - Taxi Arnhem en omgeving","og_description":"Vind antwoorden op veelgestelde vragen over taxi Arnhem. Lees meer over tarieven, reserveringen, rolstoelvervoer en andere diensten van Taxi Skyler. We helpen je snel en effici\u00ebnt met je vervoerbehoeften!","og_url":"https:\/\/taxiskyler.nl\/de\/veelgestelde-vragen\/","og_site_name":"Taxi Skyler - Taxi Arnhem en omgeving","article_modified_time":"2024-12-31T19:00:41+00:00","twitter_card":"summary_large_image","twitter_misc":{"Gesch\u00e4tzte Lesezeit":"2\u00a0Minuten"},"schema":{"@context":"https:\/\/schema.org","@graph":[{"@type":"WebPage","@id":"https:\/\/taxiskyler.nl\/veelgestelde-vragen\/","url":"https:\/\/taxiskyler.nl\/veelgestelde-vragen\/","name":"Veelgestelde vragen - Taxi Skyler - Taxi Arnhem en omgeving","isPartOf":{"@id":"https:\/\/taxiskyler.nl\/#website"},"datePublished":"2024-12-24T22:19:30+00:00","dateModified":"2024-12-31T19:00:41+00:00","description":"Vind antwoorden op veelgestelde vragen over taxi Arnhem. Lees meer over tarieven, reserveringen, rolstoelvervoer en andere diensten van Taxi Skyler. We helpen je snel en effici\u00ebnt met je vervoerbehoeften!","breadcrumb":{"@id":"https:\/\/taxiskyler.nl\/veelgestelde-vragen\/#breadcrumb"},"inLanguage":"de","potentialAction":[{"@type":"ReadAction","target":["https:\/\/taxiskyler.nl\/veelgestelde-vragen\/"]}]},{"@type":"BreadcrumbList","@id":"https:\/\/taxiskyler.nl\/veelgestelde-vragen\/#breadcrumb","itemListElement":[{"@type":"ListItem","position":1,"name":"Home","item":"https:\/\/taxiskyler.nl\/"},{"@type":"ListItem","position":2,"name":"Veelgestelde vragen"}]},{"@type":"WebSite","@id":"https:\/\/taxiskyler.nl\/#website","url":"https:\/\/taxiskyler.nl\/","name":"Taxi Skyler","description":"Taxi Arnheim und Umgebung.","publisher":{"@id":"https:\/\/taxiskyler.nl\/#organization"},"potentialAction":[{"@type":"SearchAction","target":{"@type":"EntryPoint","urlTemplate":"https:\/\/taxiskyler.nl\/?s={search_term_string}"},"query-input":{"@type":"PropertyValueSpecification","valueRequired":true,"valueName":"search_term_string"}}],"inLanguage":"de"},{"@type":"Organization","@id":"https:\/\/taxiskyler.nl\/#organization","name":"Taxi Skyler","url":"https:\/\/taxiskyler.nl\/","logo":{"@type":"ImageObject","inLanguage":"de","@id":"https:\/\/taxiskyler.nl\/#\/schema\/logo\/image\/","url":"https:\/\/taxiskyler.nl\/files\/2024\/09\/black-white-simple-barber-logo-1758-x-534-px-5.png","contentUrl":"https:\/\/taxiskyler.nl\/files\/2024\/09\/black-white-simple-barber-logo-1758-x-534-px-5.png","width":1758,"height":534,"caption":"Taxi Skyler"},"image":{"@id":"https:\/\/taxiskyler.nl\/#\/schema\/logo\/image\/"}}]}},"_links":{"self":[{"href":"https:\/\/taxiskyler.nl\/de\/wp-json\/wp\/v2\/pages\/6970","targetHints":{"allow":["GET"]}}],"collection":[{"href":"https:\/\/taxiskyler.nl\/de\/wp-json\/wp\/v2\/pages"}],"about":[{"href":"https:\/\/taxiskyler.nl\/de\/wp-json\/wp\/v2\/types\/page"}],"author":[{"embeddable":true,"href":"https:\/\/taxiskyler.nl\/de\/wp-json\/wp\/v2\/users\/1"}],"replies":[{"embeddable":true,"href":"https:\/\/taxiskyler.nl\/de\/wp-json\/wp\/v2\/comments?post=6970"}],"version-history":[{"count":10,"href":"https:\/\/taxiskyler.nl\/de\/wp-json\/wp\/v2\/pages\/6970\/revisions"}],"predecessor-version":[{"id":7038,"href":"https:\/\/taxiskyler.nl\/de\/wp-json\/wp\/v2\/pages\/6970\/revisions\/7038"}],"wp:attachment":[{"href":"https:\/\/taxiskyler.nl\/de\/wp-json\/wp\/v2\/media?parent=6970"}],"curies":[{"name":"wp","href":"https:\/\/api.w.org\/{rel}","templated":true}]}}